{"id":1520,"date":"2023-03-22T12:35:08","date_gmt":"2023-03-22T09:35:08","guid":{"rendered":"https:\/\/cengizagirvasita.com\/?page_id=1520"},"modified":"2024-08-21T14:19:55","modified_gmt":"2024-08-21T11:19:55","slug":"cengiz-agirvasita-daf-servisi-2","status":"publish","type":"page","link":"https:\/\/cengizagirvasita.com\/index.php\/cengiz-agirvasita-daf-servisi-2\/","title":{"rendered":"CENG\u0130Z A\u011eIRVASITA DAF SERV\u0130S\u0130 ORJ\u0130NAL YEDEK PARCA"},"content":{"rendered":"\n<p>CENG\u0130Z A\u011eIRVASITA DAF SERV\u0130S\u0130 ORJ\u0130NAL YEDEK PARCA<\/p>\n","protected":false},"excerpt":{"rendered":"<p>CENG\u0130Z A\u011eIRVASITA DAF SERV\u0130S\u0130 ORJ\u0130NAL YEDEK PARCA<\/p>\n","protected":false},"author":1,"featured_media":0,"parent":0,"menu_order":0,"comment_status":"closed","ping_status":"closed","template":"","meta":{"footnotes":""},"class_list":["post-1520","page","type-page","status-publish","hentry"],"_links":{"self":[{"href":"https:\/\/cengizagirvasita.com\/index.php\/wp-json\/wp\/v2\/pages\/1520","targetHints":{"allow":["GET"]}}],"collection":[{"href":"https:\/\/cengizagirvasita.com\/index.php\/wp-json\/wp\/v2\/pages"}],"about":[{"href":"https:\/\/cengizagirvasita.com\/index.php\/wp-json\/wp\/v2\/types\/page"}],"author":[{"embeddable":true,"href":"https:\/\/cengizagirvasita.com\/index.php\/wp-json\/wp\/v2\/users\/1"}],"replies":[{"embeddable":true,"href":"https:\/\/cengizagirvasita.com\/index.php\/wp-json\/wp\/v2\/comments?post=1520"}],"version-history":[{"count":2,"href":"https:\/\/cengizagirvasita.com\/index.php\/wp-json\/wp\/v2\/pages\/1520\/revisions"}],"predecessor-version":[{"id":1988,"href":"https:\/\/cengizagirvasita.com\/index.php\/wp-json\/wp\/v2\/pages\/1520\/revisions\/1988"}],"wp:attachment":[{"href":"https:\/\/cengizagirvasita.com\/index.php\/wp-json\/wp\/v2\/media?parent=1520"}],"curies":[{"name":"wp","href":"https:\/\/api.w.org\/{rel}","templated":true}]}}