{"id":1535,"date":"2023-03-22T13:15:07","date_gmt":"2023-03-22T10:15:07","guid":{"rendered":"https:\/\/cengizagirvasita.com\/?page_id=1535"},"modified":"2023-03-22T13:15:08","modified_gmt":"2023-03-22T10:15:08","slug":"cengiz-agirvasita","status":"publish","type":"page","link":"https:\/\/cengizagirvasita.com\/index.php\/cengiz-agirvasita\/","title":{"rendered":"cengiz a\u011f\u0131rvas\u0131ta"},"content":{"rendered":"\n<p>konya a\u011f\u0131r vas\u0131ta servisi|konya da kamyon tamircisi|konya t\u0131r tamircisi|konya reno ustas\u0131|konya a\u011f\u0131r vas\u0131ta tamiri|konya kamyon ustas\u0131|konya mercedes ustas\u0131|konya reno t\u0131r ustas\u0131|konya mersedes servisi|konya scan\u0131a ustas\u0131|konya t\u0131r servisi|konya reno t\u0131r tamircisi|konya volvo t\u0131r ustas\u0131|konya axtros servisi|konya axtros ustas\u0131<br>konya scan\u0131a tamircisi|konya volvo ustas\u0131|konya \u0131veco ustas\u0131|konya stral\u0131s ustas\u0131|konya kamyon servisi|konya t\u0131r servisi|konya a\u011f\u0131r vas\u0131ta servisi|konya man ustas\u0131|konya manmercedesservisi|konyamercedestamircisi|konya mercedes man tamircisi|konya volvo t\u0131r servisi|konya axor servisi|konya axor tamircisi|konya axor ustas\u0131|konya \u0131veco servisi|konya \u0131veco t\u0131r servisi|konya \u0131veco tamircisi|konyada t\u0131r kamyon ustas\u0131|konyada volvo t\u0131r tamircisi servisi|konya stral\u0131s ustas\u0131 servisi|konya \u0131veco t\u0131r tamircisi|konya daf servisi|konya daf ustas\u0131||konya man servisi|konya scan\u0131a servisi|konya mercedes servisi|konya reno t\u0131r servisi<\/p>\n","protected":false},"excerpt":{"rendered":"<p>konya a\u011f\u0131r vas\u0131ta servisi|konya da kamyon tamircisi|konya t\u0131r tamircisi|konya reno ustas\u0131|konya a\u011f\u0131r vas\u0131ta tamiri|konya kamyon ustas\u0131|konya mercedes ustas\u0131|konya reno t\u0131r ustas\u0131|konya mersedes servisi|konya scan\u0131a ustas\u0131|konya t\u0131r servisi|konya reno t\u0131r tamircisi|konya volvo t\u0131r ustas\u0131|konya axtros servisi|konya axtros ustas\u0131konya scan\u0131a tamircisi|konya volvo ustas\u0131|konya \u0131veco ustas\u0131|konya stral\u0131s ustas\u0131|konya kamyon servisi|konya t\u0131r servisi|konya a\u011f\u0131r vas\u0131ta servisi|konya man ustas\u0131|konya manmercedesservisi|konyamercedestamircisi|konya [&hellip;]<\/p>\n","protected":false},"author":1,"featured_media":0,"parent":0,"menu_order":0,"comment_status":"closed","ping_status":"closed","template":"","meta":{"footnotes":""},"class_list":["post-1535","page","type-page","status-publish","hentry"],"_links":{"self":[{"href":"https:\/\/cengizagirvasita.com\/index.php\/wp-json\/wp\/v2\/pages\/1535","targetHints":{"allow":["GET"]}}],"collection":[{"href":"https:\/\/cengizagirvasita.com\/index.php\/wp-json\/wp\/v2\/pages"}],"about":[{"href":"https:\/\/cengizagirvasita.com\/index.php\/wp-json\/wp\/v2\/types\/page"}],"author":[{"embeddable":true,"href":"https:\/\/cengizagirvasita.com\/index.php\/wp-json\/wp\/v2\/users\/1"}],"replies":[{"embeddable":true,"href":"https:\/\/cengizagirvasita.com\/index.php\/wp-json\/wp\/v2\/comments?post=1535"}],"version-history":[{"count":1,"href":"https:\/\/cengizagirvasita.com\/index.php\/wp-json\/wp\/v2\/pages\/1535\/revisions"}],"predecessor-version":[{"id":1543,"href":"https:\/\/cengizagirvasita.com\/index.php\/wp-json\/wp\/v2\/pages\/1535\/revisions\/1543"}],"wp:attachment":[{"href":"https:\/\/cengizagirvasita.com\/index.php\/wp-json\/wp\/v2\/media?parent=1535"}],"curies":[{"name":"wp","href":"https:\/\/api.w.org\/{rel}","templated":true}]}}