{"id":376,"date":"2018-11-02T09:28:19","date_gmt":"2018-11-02T06:28:19","guid":{"rendered":"http:\/\/www.cengizagirvasita.com\/?page_id=376"},"modified":"2018-11-02T09:28:19","modified_gmt":"2018-11-02T06:28:19","slug":"agirvasita-tamir-bakim-servisi","status":"publish","type":"page","link":"https:\/\/cengizagirvasita.com\/index.php\/agirvasita-tamir-bakim-servisi\/","title":{"rendered":"A\u011eIRVASITA TAM\u0130R BAKIM SERV\u0130S\u0130"},"content":{"rendered":"","protected":false},"excerpt":{"rendered":"","protected":false},"author":1,"featured_media":0,"parent":0,"menu_order":0,"comment_status":"closed","ping_status":"closed","template":"","meta":{"footnotes":""},"class_list":["post-376","page","type-page","status-publish","hentry"],"_links":{"self":[{"href":"https:\/\/cengizagirvasita.com\/index.php\/wp-json\/wp\/v2\/pages\/376","targetHints":{"allow":["GET"]}}],"collection":[{"href":"https:\/\/cengizagirvasita.com\/index.php\/wp-json\/wp\/v2\/pages"}],"about":[{"href":"https:\/\/cengizagirvasita.com\/index.php\/wp-json\/wp\/v2\/types\/page"}],"author":[{"embeddable":true,"href":"https:\/\/cengizagirvasita.com\/index.php\/wp-json\/wp\/v2\/users\/1"}],"replies":[{"embeddable":true,"href":"https:\/\/cengizagirvasita.com\/index.php\/wp-json\/wp\/v2\/comments?post=376"}],"version-history":[{"count":1,"href":"https:\/\/cengizagirvasita.com\/index.php\/wp-json\/wp\/v2\/pages\/376\/revisions"}],"predecessor-version":[{"id":379,"href":"https:\/\/cengizagirvasita.com\/index.php\/wp-json\/wp\/v2\/pages\/376\/revisions\/379"}],"wp:attachment":[{"href":"https:\/\/cengizagirvasita.com\/index.php\/wp-json\/wp\/v2\/media?parent=376"}],"curies":[{"name":"wp","href":"https:\/\/api.w.org\/{rel}","templated":true}]}}