{"id":599,"date":"2019-11-23T16:26:28","date_gmt":"2019-11-23T13:26:28","guid":{"rendered":"http:\/\/www.cengizagirvasita.com\/?page_id=599"},"modified":"2019-11-23T16:26:28","modified_gmt":"2019-11-23T13:26:28","slug":"daf-ustasiiveco-ustasivolvo-ustasirenault-ustasireno-ustasiscania-ustasiman-ustasimercedes-ustasi","status":"publish","type":"page","link":"https:\/\/cengizagirvasita.com\/index.php\/daf-ustasiiveco-ustasivolvo-ustasirenault-ustasireno-ustasiscania-ustasiman-ustasimercedes-ustasi\/","title":{"rendered":"daf ustas\u0131,\u0131veco ustas\u0131,volvo ustas\u0131,renault ustas\u0131,reno ustas\u0131,scan\u0131a ustas\u0131,man ustas\u0131,mercedes ustas\u0131"},"content":{"rendered":"","protected":false},"excerpt":{"rendered":"","protected":false},"author":1,"featured_media":0,"parent":0,"menu_order":0,"comment_status":"closed","ping_status":"closed","template":"","meta":{"footnotes":""},"class_list":["post-599","page","type-page","status-publish","hentry"],"_links":{"self":[{"href":"https:\/\/cengizagirvasita.com\/index.php\/wp-json\/wp\/v2\/pages\/599","targetHints":{"allow":["GET"]}}],"collection":[{"href":"https:\/\/cengizagirvasita.com\/index.php\/wp-json\/wp\/v2\/pages"}],"about":[{"href":"https:\/\/cengizagirvasita.com\/index.php\/wp-json\/wp\/v2\/types\/page"}],"author":[{"embeddable":true,"href":"https:\/\/cengizagirvasita.com\/index.php\/wp-json\/wp\/v2\/users\/1"}],"replies":[{"embeddable":true,"href":"https:\/\/cengizagirvasita.com\/index.php\/wp-json\/wp\/v2\/comments?post=599"}],"version-history":[{"count":1,"href":"https:\/\/cengizagirvasita.com\/index.php\/wp-json\/wp\/v2\/pages\/599\/revisions"}],"predecessor-version":[{"id":600,"href":"https:\/\/cengizagirvasita.com\/index.php\/wp-json\/wp\/v2\/pages\/599\/revisions\/600"}],"wp:attachment":[{"href":"https:\/\/cengizagirvasita.com\/index.php\/wp-json\/wp\/v2\/media?parent=599"}],"curies":[{"name":"wp","href":"https:\/\/api.w.org\/{rel}","templated":true}]}}